{"id":7162,"date":"2022-03-10T10:45:20","date_gmt":"2022-03-10T10:45:20","guid":{"rendered":"https:\/\/myhome1.tangiblewp.com\/?page_id=7162"},"modified":"2025-07-16T13:21:36","modified_gmt":"2025-07-16T11:21:36","slug":"informacion-contactos","status":"publish","type":"page","link":"https:\/\/fincassavinao.com\/de\/informacion-contactos\/","title":{"rendered":"Contactos"},"content":{"rendered":"\t\t<div data-elementor-type=\"wp-page\" data-elementor-id=\"7162\" class=\"elementor elementor-7162\">\n\t\t\t\t\t\t<section class=\"elementor-section elementor-top-section elementor-element elementor-element-2ffa3a8 elementor-section-boxed elementor-section-height-default elementor-section-height-default\" data-id=\"2ffa3a8\" data-element_type=\"section\" data-e-type=\"section\" data-settings=\"{&quot;background_background&quot;:&quot;classic&quot;}\">\n\t\t\t\t\t\t\t<div class=\"elementor-background-overlay\"><\/div>\n\t\t\t\t\t\t\t<div class=\"elementor-container elementor-column-gap-default\">\n\t\t\t\t\t<div class=\"elementor-column elementor-col-100 elementor-top-column elementor-element elementor-element-8d3cd54\" data-id=\"8d3cd54\" data-element_type=\"column\" data-e-type=\"column\">\n\t\t\t<div class=\"elementor-widget-wrap elementor-element-populated\">\n\t\t\t\t\t\t<div class=\"elementor-element elementor-element-b8fb6a3 elementor-widget elementor-widget-spacer\" data-id=\"b8fb6a3\" data-element_type=\"widget\" data-e-type=\"widget\" data-widget_type=\"spacer.default\">\n\t\t\t\t<div class=\"elementor-widget-container\">\n\t\t\t\t\t\t\t<div class=\"elementor-spacer\">\n\t\t\t<div class=\"elementor-spacer-inner\"><\/div>\n\t\t<\/div>\n\t\t\t\t\t\t<\/div>\n\t\t\t\t<\/div>\n\t\t\t\t<div class=\"elementor-element elementor-element-c35d89e elementor-widget elementor-widget-heading\" data-id=\"c35d89e\" data-element_type=\"widget\" data-e-type=\"widget\" data-widget_type=\"heading.default\">\n\t\t\t\t<div class=\"elementor-widget-container\">\n\t\t\t\t\t<h1 class=\"elementor-heading-title elementor-size-default\">Informaci\u00f3n de contacto<\/h1>\t\t\t\t<\/div>\n\t\t\t\t<\/div>\n\t\t\t\t<div class=\"elementor-element elementor-element-d7fad95 elementor-widget elementor-widget-spacer\" data-id=\"d7fad95\" data-element_type=\"widget\" data-e-type=\"widget\" data-widget_type=\"spacer.default\">\n\t\t\t\t<div class=\"elementor-widget-container\">\n\t\t\t\t\t\t\t<div class=\"elementor-spacer\">\n\t\t\t<div class=\"elementor-spacer-inner\"><\/div>\n\t\t<\/div>\n\t\t\t\t\t\t<\/div>\n\t\t\t\t<\/div>\n\t\t\t\t\t<\/div>\n\t\t<\/div>\n\t\t\t\t\t<\/div>\n\t\t<\/section>\n\t\t\t\t<section class=\"elementor-section elementor-top-section elementor-element elementor-element-26b868b elementor-section-boxed elementor-section-height-default elementor-section-height-default\" data-id=\"26b868b\" data-element_type=\"section\" data-e-type=\"section\" data-settings=\"{&quot;background_background&quot;:&quot;classic&quot;}\">\n\t\t\t\t\t\t<div class=\"elementor-container elementor-column-gap-default\">\n\t\t\t\t\t<div class=\"elementor-column elementor-col-100 elementor-top-column elementor-element elementor-element-9b0216e\" data-id=\"9b0216e\" data-element_type=\"column\" data-e-type=\"column\">\n\t\t\t<div class=\"elementor-widget-wrap elementor-element-populated\">\n\t\t\t\t\t\t<div class=\"elementor-element elementor-element-1901eb1 elementor-widget elementor-widget-spacer\" data-id=\"1901eb1\" data-element_type=\"widget\" data-e-type=\"widget\" data-widget_type=\"spacer.default\">\n\t\t\t\t<div class=\"elementor-widget-container\">\n\t\t\t\t\t\t\t<div class=\"elementor-spacer\">\n\t\t\t<div class=\"elementor-spacer-inner\"><\/div>\n\t\t<\/div>\n\t\t\t\t\t\t<\/div>\n\t\t\t\t<\/div>\n\t\t\t\t<section class=\"elementor-section elementor-inner-section elementor-element elementor-element-c316991 elementor-section-boxed elementor-section-height-default elementor-section-height-default\" data-id=\"c316991\" data-element_type=\"section\" data-e-type=\"section\">\n\t\t\t\t\t\t<div class=\"elementor-container elementor-column-gap-default\">\n\t\t\t\t\t<div class=\"elementor-column elementor-col-50 elementor-inner-column elementor-element elementor-element-3baac82\" data-id=\"3baac82\" data-element_type=\"column\" data-e-type=\"column\" data-settings=\"{&quot;background_background&quot;:&quot;classic&quot;}\">\n\t\t\t<div class=\"elementor-widget-wrap elementor-element-populated\">\n\t\t\t\t\t\t<div class=\"elementor-element elementor-element-2829fec elementor-widget elementor-widget-spacer\" data-id=\"2829fec\" data-element_type=\"widget\" data-e-type=\"widget\" data-widget_type=\"spacer.default\">\n\t\t\t\t<div class=\"elementor-widget-container\">\n\t\t\t\t\t\t\t<div class=\"elementor-spacer\">\n\t\t\t<div class=\"elementor-spacer-inner\"><\/div>\n\t\t<\/div>\n\t\t\t\t\t\t<\/div>\n\t\t\t\t<\/div>\n\t\t\t\t<div class=\"elementor-element elementor-element-15ee8ce elementor-widget elementor-widget-heading\" data-id=\"15ee8ce\" data-element_type=\"widget\" data-e-type=\"widget\" data-widget_type=\"heading.default\">\n\t\t\t\t<div class=\"elementor-widget-container\">\n\t\t\t\t\t<h3 class=\"elementor-heading-title elementor-size-default\">Informaci\u00f3n<\/h3>\t\t\t\t<\/div>\n\t\t\t\t<\/div>\n\t\t\t\t<div class=\"elementor-element elementor-element-a568e5c elementor-widget elementor-widget-spacer\" data-id=\"a568e5c\" data-element_type=\"widget\" data-e-type=\"widget\" data-widget_type=\"spacer.default\">\n\t\t\t\t<div class=\"elementor-widget-container\">\n\t\t\t\t\t\t\t<div class=\"elementor-spacer\">\n\t\t\t<div class=\"elementor-spacer-inner\"><\/div>\n\t\t<\/div>\n\t\t\t\t\t\t<\/div>\n\t\t\t\t<\/div>\n\t\t\t\t<div class=\"elementor-element elementor-element-2db9f63 elementor-widget elementor-widget-text-editor\" data-id=\"2db9f63\" data-element_type=\"widget\" data-e-type=\"widget\" data-widget_type=\"text-editor.default\">\n\t\t\t\t<div class=\"elementor-widget-container\">\n\t\t\t\t\t\t\t\t\t<p class=\"mt-6 text-lg leading-8 text-gray-600\">Contacte con nosotros para cualquier resolver cualquier duda o solicitud. Nuestro equipo est\u00e1 a su disposici\u00f3n para ofrecerle toda la informaci\u00f3n que necesite. P\u00f3ngase en contacto con nosotros hoy mismo para hablar de sus necesidades espec\u00edficas o para obtener m\u00e1s informaci\u00f3n sobre nuestros\u00a0 productos o servicios<\/p>\t\t\t\t\t\t\t\t<\/div>\n\t\t\t\t<\/div>\n\t\t\t\t<div class=\"elementor-element elementor-element-55c6dd3 elementor-widget elementor-widget-spacer\" data-id=\"55c6dd3\" data-element_type=\"widget\" data-e-type=\"widget\" data-widget_type=\"spacer.default\">\n\t\t\t\t<div class=\"elementor-widget-container\">\n\t\t\t\t\t\t\t<div class=\"elementor-spacer\">\n\t\t\t<div class=\"elementor-spacer-inner\"><\/div>\n\t\t<\/div>\n\t\t\t\t\t\t<\/div>\n\t\t\t\t<\/div>\n\t\t\t\t<div class=\"elementor-element elementor-element-eb771a9 elementor-widget elementor-widget-mh_address\" data-id=\"eb771a9\" data-element_type=\"widget\" data-e-type=\"widget\" data-widget_type=\"mh_address.default\">\n\t\t\t\t<div class=\"elementor-widget-container\">\n\t\t\t\t\t<div class=\"myhome-address\">\n    <div class=\"myhome-small-data\">\n        <div class=\"myhome-small-data__icon\">\n            <div class=\"myhome-small-icon\">\n                <svg xmlns=\"http:\/\/www.w3.org\/2000\/svg\" viewBox=\"0 0 384 512\">\n                    <!--!Font Awesome Free 6.5.2 by @fontawesome - https:\/\/fontawesome.com License - https:\/\/fontawesome.com\/license\/free Copyright 2024 Fonticons, Inc.-->\n                    <path d=\"M215.7 499.2C267 435 384 279.4 384 192C384 86 298 0 192 0S0 86 0 192c0 87.4 117 243 168.3 307.2c12.3 15.3 35.1 15.3 47.4 0zM192 128a64 64 0 1 1 0 128 64 64 0 1 1 0-128z\"\/>\n                <\/svg>\n            <\/div>\n        <\/div>\n\n        <div class=\"myhome-small-data__value\">\n            C\/Huertas 44, 27400 Monforte de Lemos (Lugo)        <\/div>\n    <\/div>\n<\/div>\t\t\t\t<\/div>\n\t\t\t\t<\/div>\n\t\t\t\t<div class=\"elementor-element elementor-element-b203929 elementor-widget elementor-widget-mh_phone\" data-id=\"b203929\" data-element_type=\"widget\" data-e-type=\"widget\" data-widget_type=\"mh_phone.default\">\n\t\t\t\t<div class=\"elementor-widget-container\">\n\t\t\t\t\t<div class=\"myhome-phone-wrapper\">\n    <div class=\"myhome-small-data\">\n        <div class=\"myhome-small-data__icon\">\n            <div class=\"myhome-small-icon\">\n                <svg xmlns=\"http:\/\/www.w3.org\/2000\/svg\" viewBox=\"0 0 384 512\">\n                    <!--!Font Awesome Free 6.5.2 by @fontawesome - https:\/\/fontawesome.com License - https:\/\/fontawesome.com\/license\/free Copyright 2024 Fonticons, Inc.-->\n                    <path d=\"M16 64C16 28.7 44.7 0 80 0H304c35.3 0 64 28.7 64 64V448c0 35.3-28.7 64-64 64H80c-35.3 0-64-28.7-64-64V64zM224 448a32 32 0 1 0 -64 0 32 32 0 1 0 64 0zM304 64H80V384H304V64z\"\/>\n                <\/svg>\n            <\/div>\n        <\/div>\n\n        <div class=\"myhome-small-data__value\">\n            <a\n                    class=\"myhome-phone\"\n                    href=\"tel:982412110\"\n            >\n                982412110            <\/a>\n        <\/div>\n    <\/div>\n<\/div>\t\t\t\t<\/div>\n\t\t\t\t<\/div>\n\t\t\t\t<div class=\"elementor-element elementor-element-309a839 elementor-widget elementor-widget-mh_email\" data-id=\"309a839\" data-element_type=\"widget\" data-e-type=\"widget\" data-widget_type=\"mh_email.default\">\n\t\t\t\t<div class=\"elementor-widget-container\">\n\t\t\t\t\t<div class=\"myhome-email-wrapper\">\n    <div class=\"myhome-small-data\">\n        <div class=\"myhome-small-data__icon\">\n            <div class=\"myhome-small-icon\">\n                <svg xmlns=\"http:\/\/www.w3.org\/2000\/svg\" viewBox=\"0 0 512 512\">\n                    <!--!Font Awesome Free 6.5.2 by @fontawesome - https:\/\/fontawesome.com License - https:\/\/fontawesome.com\/license\/free Copyright 2024 Fonticons, Inc.-->\n                    <path d=\"M256 64C150 64 64 150 64 256s86 192 192 192c17.7 0 32 14.3 32 32s-14.3 32-32 32C114.6 512 0 397.4 0 256S114.6 0 256 0S512 114.6 512 256v32c0 53-43 96-96 96c-29.3 0-55.6-13.2-73.2-33.9C320 371.1 289.5 384 256 384c-70.7 0-128-57.3-128-128s57.3-128 128-128c27.9 0 53.7 8.9 74.7 24.1c5.7-5 13.1-8.1 21.3-8.1c17.7 0 32 14.3 32 32v80 32c0 17.7 14.3 32 32 32s32-14.3 32-32V256c0-106-86-192-192-192zm64 192a64 64 0 1 0 -128 0 64 64 0 1 0 128 0z\"\/>\n                <\/svg>\n            <\/div>\n        <\/div>\n\n        <div class=\"myhome-small-data__value\">\n            <a href=\"mailto:info@fincassavinao.com\" class=\"myhome-email\">\n                info@fincassavinao.com            <\/a>\n        <\/div>\n    <\/div>\n<\/div>\t\t\t\t<\/div>\n\t\t\t\t<\/div>\n\t\t\t\t<div class=\"elementor-element elementor-element-6454a5f elementor-widget elementor-widget-spacer\" data-id=\"6454a5f\" data-element_type=\"widget\" data-e-type=\"widget\" data-widget_type=\"spacer.default\">\n\t\t\t\t<div class=\"elementor-widget-container\">\n\t\t\t\t\t\t\t<div class=\"elementor-spacer\">\n\t\t\t<div class=\"elementor-spacer-inner\"><\/div>\n\t\t<\/div>\n\t\t\t\t\t\t<\/div>\n\t\t\t\t<\/div>\n\t\t\t\t<div class=\"elementor-element elementor-element-63bbf42 elementor-widget elementor-widget-mh_address\" data-id=\"63bbf42\" data-element_type=\"widget\" data-e-type=\"widget\" data-widget_type=\"mh_address.default\">\n\t\t\t\t<div class=\"elementor-widget-container\">\n\t\t\t\t\t<div class=\"myhome-address\">\n    <div class=\"myhome-small-data\">\n        <div class=\"myhome-small-data__icon\">\n            <div class=\"myhome-small-icon\">\n                <svg xmlns=\"http:\/\/www.w3.org\/2000\/svg\" viewBox=\"0 0 384 512\">\n                    <!--!Font Awesome Free 6.5.2 by @fontawesome - https:\/\/fontawesome.com License - https:\/\/fontawesome.com\/license\/free Copyright 2024 Fonticons, Inc.-->\n                    <path d=\"M215.7 499.2C267 435 384 279.4 384 192C384 86 298 0 192 0S0 86 0 192c0 87.4 117 243 168.3 307.2c12.3 15.3 35.1 15.3 47.4 0zM192 128a64 64 0 1 1 0 128 64 64 0 1 1 0-128z\"\/>\n                <\/svg>\n            <\/div>\n        <\/div>\n\n        <div class=\"myhome-small-data__value\">\n            Plaza Bernardino Ribadavia 2, 27540 Escair\u00f3n - O Savi\u00f1ao (Lugo)        <\/div>\n    <\/div>\n<\/div>\t\t\t\t<\/div>\n\t\t\t\t<\/div>\n\t\t\t\t<div class=\"elementor-element elementor-element-f8f6d24 elementor-widget elementor-widget-mh_phone\" data-id=\"f8f6d24\" data-element_type=\"widget\" data-e-type=\"widget\" data-widget_type=\"mh_phone.default\">\n\t\t\t\t<div class=\"elementor-widget-container\">\n\t\t\t\t\t<div class=\"myhome-phone-wrapper\">\n    <div class=\"myhome-small-data\">\n        <div class=\"myhome-small-data__icon\">\n            <div class=\"myhome-small-icon\">\n                <svg xmlns=\"http:\/\/www.w3.org\/2000\/svg\" viewBox=\"0 0 384 512\">\n                    <!--!Font Awesome Free 6.5.2 by @fontawesome - https:\/\/fontawesome.com License - https:\/\/fontawesome.com\/license\/free Copyright 2024 Fonticons, Inc.-->\n                    <path d=\"M16 64C16 28.7 44.7 0 80 0H304c35.3 0 64 28.7 64 64V448c0 35.3-28.7 64-64 64H80c-35.3 0-64-28.7-64-64V64zM224 448a32 32 0 1 0 -64 0 32 32 0 1 0 64 0zM304 64H80V384H304V64z\"\/>\n                <\/svg>\n            <\/div>\n        <\/div>\n\n        <div class=\"myhome-small-data__value\">\n            <a\n                    class=\"myhome-phone\"\n                    href=\"tel:982831922\"\n            >\n                982831922            <\/a>\n        <\/div>\n    <\/div>\n<\/div>\t\t\t\t<\/div>\n\t\t\t\t<\/div>\n\t\t\t\t<div class=\"elementor-element elementor-element-d9a263b elementor-widget elementor-widget-mh_email\" data-id=\"d9a263b\" data-element_type=\"widget\" data-e-type=\"widget\" data-widget_type=\"mh_email.default\">\n\t\t\t\t<div class=\"elementor-widget-container\">\n\t\t\t\t\t<div class=\"myhome-email-wrapper\">\n    <div class=\"myhome-small-data\">\n        <div class=\"myhome-small-data__icon\">\n            <div class=\"myhome-small-icon\">\n                <svg xmlns=\"http:\/\/www.w3.org\/2000\/svg\" viewBox=\"0 0 512 512\">\n                    <!--!Font Awesome Free 6.5.2 by @fontawesome - https:\/\/fontawesome.com License - https:\/\/fontawesome.com\/license\/free Copyright 2024 Fonticons, Inc.-->\n                    <path d=\"M256 64C150 64 64 150 64 256s86 192 192 192c17.7 0 32 14.3 32 32s-14.3 32-32 32C114.6 512 0 397.4 0 256S114.6 0 256 0S512 114.6 512 256v32c0 53-43 96-96 96c-29.3 0-55.6-13.2-73.2-33.9C320 371.1 289.5 384 256 384c-70.7 0-128-57.3-128-128s57.3-128 128-128c27.9 0 53.7 8.9 74.7 24.1c5.7-5 13.1-8.1 21.3-8.1c17.7 0 32 14.3 32 32v80 32c0 17.7 14.3 32 32 32s32-14.3 32-32V256c0-106-86-192-192-192zm64 192a64 64 0 1 0 -128 0 64 64 0 1 0 128 0z\"\/>\n                <\/svg>\n            <\/div>\n        <\/div>\n\n        <div class=\"myhome-small-data__value\">\n            <a href=\"mailto:lucian@fincassavinao.com\" class=\"myhome-email\">\n                lucian@fincassavinao.com            <\/a>\n        <\/div>\n    <\/div>\n<\/div>\t\t\t\t<\/div>\n\t\t\t\t<\/div>\n\t\t\t\t<div class=\"elementor-element elementor-element-3689b74 elementor-widget elementor-widget-spacer\" data-id=\"3689b74\" data-element_type=\"widget\" data-e-type=\"widget\" data-widget_type=\"spacer.default\">\n\t\t\t\t<div class=\"elementor-widget-container\">\n\t\t\t\t\t\t\t<div class=\"elementor-spacer\">\n\t\t\t<div class=\"elementor-spacer-inner\"><\/div>\n\t\t<\/div>\n\t\t\t\t\t\t<\/div>\n\t\t\t\t<\/div>\n\t\t\t\t<div class=\"elementor-element elementor-element-69dc741 elementor-widget elementor-widget-mh_address\" data-id=\"69dc741\" data-element_type=\"widget\" data-e-type=\"widget\" data-widget_type=\"mh_address.default\">\n\t\t\t\t<div class=\"elementor-widget-container\">\n\t\t\t\t\t<div class=\"myhome-address\">\n    <div class=\"myhome-small-data\">\n        <div class=\"myhome-small-data__icon\">\n            <div class=\"myhome-small-icon\">\n                <svg xmlns=\"http:\/\/www.w3.org\/2000\/svg\" viewBox=\"0 0 384 512\">\n                    <!--!Font Awesome Free 6.5.2 by @fontawesome - https:\/\/fontawesome.com License - https:\/\/fontawesome.com\/license\/free Copyright 2024 Fonticons, Inc.-->\n                    <path d=\"M215.7 499.2C267 435 384 279.4 384 192C384 86 298 0 192 0S0 86 0 192c0 87.4 117 243 168.3 307.2c12.3 15.3 35.1 15.3 47.4 0zM192 128a64 64 0 1 1 0 128 64 64 0 1 1 0-128z\"\/>\n                <\/svg>\n            <\/div>\n        <\/div>\n\n        <div class=\"myhome-small-data__value\">\n            C\/Doctor Mariano Cedr\u00f3n 3,  27500 Chantada (Lugo)        <\/div>\n    <\/div>\n<\/div>\t\t\t\t<\/div>\n\t\t\t\t<\/div>\n\t\t\t\t<div class=\"elementor-element elementor-element-ae4c854 elementor-widget elementor-widget-mh_phone\" data-id=\"ae4c854\" data-element_type=\"widget\" data-e-type=\"widget\" data-widget_type=\"mh_phone.default\">\n\t\t\t\t<div class=\"elementor-widget-container\">\n\t\t\t\t\t<div class=\"myhome-phone-wrapper\">\n    <div class=\"myhome-small-data\">\n        <div class=\"myhome-small-data__icon\">\n            <div class=\"myhome-small-icon\">\n                <svg xmlns=\"http:\/\/www.w3.org\/2000\/svg\" viewBox=\"0 0 384 512\">\n                    <!--!Font Awesome Free 6.5.2 by @fontawesome - https:\/\/fontawesome.com License - https:\/\/fontawesome.com\/license\/free Copyright 2024 Fonticons, Inc.-->\n                    <path d=\"M16 64C16 28.7 44.7 0 80 0H304c35.3 0 64 28.7 64 64V448c0 35.3-28.7 64-64 64H80c-35.3 0-64-28.7-64-64V64zM224 448a32 32 0 1 0 -64 0 32 32 0 1 0 64 0zM304 64H80V384H304V64z\"\/>\n                <\/svg>\n            <\/div>\n        <\/div>\n\n        <div class=\"myhome-small-data__value\">\n            <a\n                    class=\"myhome-phone\"\n                    href=\"tel:621222385\"\n            >\n                621222385            <\/a>\n        <\/div>\n    <\/div>\n<\/div>\t\t\t\t<\/div>\n\t\t\t\t<\/div>\n\t\t\t\t<div class=\"elementor-element elementor-element-383d008 elementor-widget elementor-widget-mh_email\" data-id=\"383d008\" data-element_type=\"widget\" data-e-type=\"widget\" data-widget_type=\"mh_email.default\">\n\t\t\t\t<div class=\"elementor-widget-container\">\n\t\t\t\t\t<div class=\"myhome-email-wrapper\">\n    <div class=\"myhome-small-data\">\n        <div class=\"myhome-small-data__icon\">\n            <div class=\"myhome-small-icon\">\n                <svg xmlns=\"http:\/\/www.w3.org\/2000\/svg\" viewBox=\"0 0 512 512\">\n                    <!--!Font Awesome Free 6.5.2 by @fontawesome - https:\/\/fontawesome.com License - https:\/\/fontawesome.com\/license\/free Copyright 2024 Fonticons, Inc.-->\n                    <path d=\"M256 64C150 64 64 150 64 256s86 192 192 192c17.7 0 32 14.3 32 32s-14.3 32-32 32C114.6 512 0 397.4 0 256S114.6 0 256 0S512 114.6 512 256v32c0 53-43 96-96 96c-29.3 0-55.6-13.2-73.2-33.9C320 371.1 289.5 384 256 384c-70.7 0-128-57.3-128-128s57.3-128 128-128c27.9 0 53.7 8.9 74.7 24.1c5.7-5 13.1-8.1 21.3-8.1c17.7 0 32 14.3 32 32v80 32c0 17.7 14.3 32 32 32s32-14.3 32-32V256c0-106-86-192-192-192zm64 192a64 64 0 1 0 -128 0 64 64 0 1 0 128 0z\"\/>\n                <\/svg>\n            <\/div>\n        <\/div>\n\n        <div class=\"myhome-small-data__value\">\n            <a href=\"mailto:lucian@fincassavinao.com\" class=\"myhome-email\">\n                lucian@fincassavinao.com            <\/a>\n        <\/div>\n    <\/div>\n<\/div>\t\t\t\t<\/div>\n\t\t\t\t<\/div>\n\t\t\t\t<div class=\"elementor-element elementor-element-bec617e elementor-widget elementor-widget-spacer\" data-id=\"bec617e\" data-element_type=\"widget\" data-e-type=\"widget\" data-widget_type=\"spacer.default\">\n\t\t\t\t<div class=\"elementor-widget-container\">\n\t\t\t\t\t\t\t<div class=\"elementor-spacer\">\n\t\t\t<div class=\"elementor-spacer-inner\"><\/div>\n\t\t<\/div>\n\t\t\t\t\t\t<\/div>\n\t\t\t\t<\/div>\n\t\t\t\t<div class=\"elementor-element elementor-element-7043a35 elementor-widget elementor-widget-spacer\" data-id=\"7043a35\" data-element_type=\"widget\" data-e-type=\"widget\" data-widget_type=\"spacer.default\">\n\t\t\t\t<div class=\"elementor-widget-container\">\n\t\t\t\t\t\t\t<div class=\"elementor-spacer\">\n\t\t\t<div class=\"elementor-spacer-inner\"><\/div>\n\t\t<\/div>\n\t\t\t\t\t\t<\/div>\n\t\t\t\t<\/div>\n\t\t\t\t\t<\/div>\n\t\t<\/div>\n\t\t\t\t<div class=\"elementor-column elementor-col-50 elementor-inner-column elementor-element elementor-element-ebf3db8\" data-id=\"ebf3db8\" data-element_type=\"column\" data-e-type=\"column\">\n\t\t\t<div class=\"elementor-widget-wrap elementor-element-populated\">\n\t\t\t\t\t\t<div class=\"elementor-element elementor-element-10d851e elementor-widget__width-initial elementor-widget elementor-widget-mh_contact_form\" data-id=\"10d851e\" data-element_type=\"widget\" data-e-type=\"widget\" data-widget_type=\"mh_contact_form.default\">\n\t\t\t\t<div class=\"elementor-widget-container\">\n\t\t\t\t\t<div class=\"myhome-contact-form-widget\">\n    \n    <div class=\"myhome-contact-form-widget__form\">\n        \n<div class=\"wpcf7 no-js\" id=\"wpcf7-f12565-o1\" lang=\"en-US\" dir=\"ltr\" data-wpcf7-id=\"12565\">\n<div class=\"screen-reader-response\"><p role=\"status\" aria-live=\"polite\" aria-atomic=\"true\"><\/p> <ul><\/ul><\/div>\n<form action=\"\/de\/wp-json\/wp\/v2\/pages\/7162#wpcf7-f12565-o1\" method=\"post\" class=\"wpcf7-form init\" aria-label=\"Contact form\" novalidate=\"novalidate\" data-status=\"init\">\n<fieldset class=\"hidden-fields-container\"><input type=\"hidden\" name=\"_wpcf7\" value=\"12565\" \/><input type=\"hidden\" name=\"_wpcf7_version\" value=\"6.1.5\" \/><input type=\"hidden\" name=\"_wpcf7_locale\" value=\"en_US\" \/><input type=\"hidden\" name=\"_wpcf7_unit_tag\" value=\"wpcf7-f12565-o1\" \/><input type=\"hidden\" name=\"_wpcf7_container_post\" value=\"0\" \/><input type=\"hidden\" name=\"_wpcf7_posted_data_hash\" value=\"\" \/>\n<\/fieldset>\n<label> Nombre\n    <input size=\"40\" maxlength=\"400\" class=\"wpcf7-form-control wpcf7-text wpcf7-validates-as-required\" autocomplete=\"name\" aria-required=\"true\" aria-invalid=\"false\" placeholder=\"Nombre\" value=\"\" type=\"text\" name=\"your-name\" \/> <\/label>\n\n<label> Email\n    <input size=\"40\" maxlength=\"400\" class=\"wpcf7-form-control wpcf7-email wpcf7-validates-as-required wpcf7-text wpcf7-validates-as-email\" autocomplete=\"email\" aria-required=\"true\" aria-invalid=\"false\" placeholder=\"suemail@ejemplo.com\" value=\"\" type=\"email\" name=\"your-email\" \/> <\/label>\n\n<label> Asunto\n    <input size=\"40\" maxlength=\"400\" class=\"wpcf7-form-control wpcf7-text wpcf7-validates-as-required\" aria-required=\"true\" aria-invalid=\"false\" placeholder=\"Escriba aqu\u00ed el tema que quiere tratar\" value=\"\" type=\"text\" name=\"your-subject\" \/> <\/label>\n\n<label> \u00bfEn qu\u00e9 podemos ayudarle?\n    <textarea cols=\"40\" rows=\"10\" maxlength=\"2000\" class=\"wpcf7-form-control wpcf7-textarea\" aria-invalid=\"false\" placeholder=\"Mensaje...\" name=\"your-message\"><\/textarea> <\/label>\n\n<label> <span class=\"wpcf7-form-control wpcf7-acceptance\"><span class=\"wpcf7-list-item\"><input type=\"checkbox\" name=\"acceptance-185\" value=\"1\" aria-invalid=\"false\" \/><\/span><\/span><a href=\"https:\/\/fincassavinao.com\/politica-de-privacidad\/\" target=\"_blank\" rel=\"noopener\">He le\u00eddo la Pol\u00edtica de Privacidad, y consiento que Fincas Savi\u00f1ao trate mis datos personales recogidos en el formulario de contacto a fin de que mi solicitud sea atendida<\/a><\/label>\n\n<input class=\"wpcf7-form-control wpcf7-submit has-spinner\" type=\"submit\" value=\"Enviar\" \/><div class=\"wpcf7-response-output\" aria-hidden=\"true\"><\/div>\n<\/form>\n<\/div>\n    <\/div>\n<\/div>\n\t\t\t\t<\/div>\n\t\t\t\t<\/div>\n\t\t\t\t\t<\/div>\n\t\t<\/div>\n\t\t\t\t\t<\/div>\n\t\t<\/section>\n\t\t\t\t<div class=\"elementor-element elementor-element-0a93b95 elementor-widget elementor-widget-spacer\" data-id=\"0a93b95\" data-element_type=\"widget\" data-e-type=\"widget\" data-widget_type=\"spacer.default\">\n\t\t\t\t<div class=\"elementor-widget-container\">\n\t\t\t\t\t\t\t<div class=\"elementor-spacer\">\n\t\t\t<div class=\"elementor-spacer-inner\"><\/div>\n\t\t<\/div>\n\t\t\t\t\t\t<\/div>\n\t\t\t\t<\/div>\n\t\t\t\t\t<\/div>\n\t\t<\/div>\n\t\t\t\t\t<\/div>\n\t\t<\/section>\n\t\t\t\t<section class=\"elementor-section elementor-top-section elementor-element elementor-element-0fa9910 elementor-section-full_width elementor-section-height-default elementor-section-height-default\" data-id=\"0fa9910\" data-element_type=\"section\" data-e-type=\"section\">\n\t\t\t\t\t\t<div class=\"elementor-container elementor-column-gap-no\">\n\t\t\t\t\t<div class=\"elementor-column elementor-col-100 elementor-top-column elementor-element elementor-element-327d5d1\" data-id=\"327d5d1\" data-element_type=\"column\" data-e-type=\"column\">\n\t\t\t<div class=\"elementor-widget-wrap elementor-element-populated\">\n\t\t\t\t\t\t<div class=\"elementor-element elementor-element-ef0dfff elementor-widget elementor-widget-mh_map\" data-id=\"ef0dfff\" data-element_type=\"widget\" data-e-type=\"widget\" data-widget_type=\"mh_map.default\">\n\t\t\t\t<div class=\"elementor-widget-container\">\n\t\t\t\t\t<div class=\"myhome-app\">\n    \n    <\/div>\n\t\t\t\t<\/div>\n\t\t\t\t<\/div>\n\t\t\t\t\t<\/div>\n\t\t<\/div>\n\t\t\t\t\t<\/div>\n\t\t<\/section>\n\t\t\t\t<\/div>\n\t\t","protected":false},"excerpt":{"rendered":"<p>Informaci\u00f3n de contacto Informaci\u00f3n Contacte con nosotros para cualquier resolver cualquier duda o solicitud. Nuestro equipo est\u00e1 a su disposici\u00f3n para ofrecerle toda la informaci\u00f3n que necesite. P\u00f3ngase en contacto con nosotros hoy mismo para hablar de sus necesidades espec\u00edficas o para obtener m\u00e1s informaci\u00f3n sobre nuestros\u00a0 productos o servicios C\/Huertas 44, 27400 Monforte de [&hellip;]<\/p>\n","protected":false},"author":1,"featured_media":0,"parent":0,"menu_order":0,"comment_status":"closed","ping_status":"closed","template":"","meta":{"footnotes":""},"class_list":["post-7162","page","type-page","status-publish","hentry"],"_links":{"self":[{"href":"https:\/\/fincassavinao.com\/de\/wp-json\/wp\/v2\/pages\/7162","targetHints":{"allow":["GET"]}}],"collection":[{"href":"https:\/\/fincassavinao.com\/de\/wp-json\/wp\/v2\/pages"}],"about":[{"href":"https:\/\/fincassavinao.com\/de\/wp-json\/wp\/v2\/types\/page"}],"author":[{"embeddable":true,"href":"https:\/\/fincassavinao.com\/de\/wp-json\/wp\/v2\/users\/1"}],"replies":[{"embeddable":true,"href":"https:\/\/fincassavinao.com\/de\/wp-json\/wp\/v2\/comments?post=7162"}],"version-history":[{"count":31,"href":"https:\/\/fincassavinao.com\/de\/wp-json\/wp\/v2\/pages\/7162\/revisions"}],"predecessor-version":[{"id":16725,"href":"https:\/\/fincassavinao.com\/de\/wp-json\/wp\/v2\/pages\/7162\/revisions\/16725"}],"wp:attachment":[{"href":"https:\/\/fincassavinao.com\/de\/wp-json\/wp\/v2\/media?parent=7162"}],"curies":[{"name":"wp","href":"https:\/\/api.w.org\/{rel}","templated":true}]}}