{"id":15832,"date":"2025-03-08T16:15:25","date_gmt":"2025-03-08T15:15:25","guid":{"rendered":"https:\/\/fincassavinao.com\/?page_id=15832"},"modified":"2025-03-08T16:20:09","modified_gmt":"2025-03-08T15:20:09","slug":"politica-de-cookies","status":"publish","type":"page","link":"https:\/\/fincassavinao.com\/de\/politica-de-cookies\/","title":{"rendered":"Pol\u00edtica de cookies"},"content":{"rendered":"\t\t<div data-elementor-type=\"wp-page\" data-elementor-id=\"15832\" class=\"elementor elementor-15832\">\n\t\t\t\t\t\t<section class=\"elementor-section elementor-top-section elementor-element elementor-element-2cc553cc elementor-section-full_width elementor-section-height-default elementor-section-height-default\" data-id=\"2cc553cc\" data-element_type=\"section\" data-e-type=\"section\" data-settings=\"{&quot;background_background&quot;:&quot;classic&quot;}\">\n\t\t\t\t\t\t<div class=\"elementor-container elementor-column-gap-default\">\n\t\t\t\t\t<div class=\"elementor-column elementor-col-100 elementor-top-column elementor-element elementor-element-4f809123\" data-id=\"4f809123\" data-element_type=\"column\" data-e-type=\"column\">\n\t\t\t<div class=\"elementor-widget-wrap elementor-element-populated\">\n\t\t\t\t\t\t<section class=\"elementor-section elementor-inner-section elementor-element elementor-element-73ceb154 elementor-section-height-min-height elementor-section-boxed elementor-section-height-default\" data-id=\"73ceb154\" data-element_type=\"section\" data-e-type=\"section\" data-settings=\"{&quot;background_background&quot;:&quot;classic&quot;}\">\n\t\t\t\t\t\t\t<div class=\"elementor-background-overlay\"><\/div>\n\t\t\t\t\t\t\t<div class=\"elementor-container elementor-column-gap-default\">\n\t\t\t\t\t<div class=\"elementor-column elementor-col-100 elementor-inner-column elementor-element elementor-element-15c1137e\" data-id=\"15c1137e\" data-element_type=\"column\" data-e-type=\"column\">\n\t\t\t<div class=\"elementor-widget-wrap elementor-element-populated\">\n\t\t\t\t\t\t<div class=\"elementor-element elementor-element-112db48 elementor-widget elementor-widget-spacer\" data-id=\"112db48\" data-element_type=\"widget\" data-e-type=\"widget\" data-widget_type=\"spacer.default\">\n\t\t\t\t<div class=\"elementor-widget-container\">\n\t\t\t\t\t\t\t<div class=\"elementor-spacer\">\n\t\t\t<div class=\"elementor-spacer-inner\"><\/div>\n\t\t<\/div>\n\t\t\t\t\t\t<\/div>\n\t\t\t\t<\/div>\n\t\t\t\t\t<\/div>\n\t\t<\/div>\n\t\t\t\t\t<\/div>\n\t\t<\/section>\n\t\t\t\t<div class=\"elementor-element elementor-element-717765fb elementor-widget elementor-widget-spacer\" data-id=\"717765fb\" data-element_type=\"widget\" data-e-type=\"widget\" data-widget_type=\"spacer.default\">\n\t\t\t\t<div class=\"elementor-widget-container\">\n\t\t\t\t\t\t\t<div class=\"elementor-spacer\">\n\t\t\t<div class=\"elementor-spacer-inner\"><\/div>\n\t\t<\/div>\n\t\t\t\t\t\t<\/div>\n\t\t\t\t<\/div>\n\t\t\t\t\t<\/div>\n\t\t<\/div>\n\t\t\t\t\t<\/div>\n\t\t<\/section>\n\t\t\t\t<section class=\"elementor-section elementor-top-section elementor-element elementor-element-3a688b03 elementor-section-boxed elementor-section-height-default elementor-section-height-default\" data-id=\"3a688b03\" data-element_type=\"section\" data-e-type=\"section\">\n\t\t\t\t\t\t<div class=\"elementor-container elementor-column-gap-default\">\n\t\t\t\t\t<div class=\"elementor-column elementor-col-100 elementor-top-column elementor-element elementor-element-5c8662af\" data-id=\"5c8662af\" data-element_type=\"column\" data-e-type=\"column\">\n\t\t\t<div class=\"elementor-widget-wrap elementor-element-populated\">\n\t\t\t\t\t\t<div class=\"elementor-element elementor-element-713f3236 elementor-widget elementor-widget-text-editor\" data-id=\"713f3236\" data-element_type=\"widget\" data-e-type=\"widget\" data-widget_type=\"text-editor.default\">\n\t\t\t\t<div class=\"elementor-widget-container\">\n\t\t\t\t\t\t\t\t\t<p><strong>POL\u00cdTICA DE COOKIES<\/strong><\/p><p>\u00a0<\/p><p>\u00bfQu\u00e9 son las cookies?<\/p><p>\u00a0<\/p><p>La web de www.fincassavinao.com utiliza Cookies. Las Cookies son ficheros enviados a un navegador por medio de un servidor web para registrar las actividades del Usuario en una web determinada. La primera finalidad de las Cookies es la de facilitar al usuario un acceso m\u00e1s r\u00e1pido a los servicios seleccionados. Adem\u00e1s, las Cookies personalizan los servicios que ofrece la Web, facilitando y ofreciendo a cada usuario informaci\u00f3n que es de su inter\u00e9s o que puede ser de su inter\u00e9s, en atenci\u00f3n al uso que realiza de los Servicios.<\/p><p>\u00a0<\/p><p>La Web utiliza Cookies para personalizar y facilitar al m\u00e1ximo la navegaci\u00f3n del usuario. Las Cookies se asocian \u00fanicamente a un usuario an\u00f3nimo y su ordenador y no proporcionan referencias que permitan deducir datos personales del usuario. El usuario podr\u00e1 configurar su navegador para que notifique y rechace la instalaci\u00f3n las Cookies enviadas por la Web, sin que ello perjudique la posibilidad del usuario de acceder a los contenidos de dicha web. Sin embargo, le hacemos notar que, en todo caso, la calidad de funcionamiento de la p\u00e1gina Web puede disminuir.<\/p><p>\u00a0<\/p><p><strong>\u00bfQu\u00e9 tipos de cookies existen?<\/strong><\/p><p>\u00a0<\/p><p>Las Cookies, en funci\u00f3n de su Permanencia, pueden dividirse en:<\/p><p><strong>\u201cCookies de sesi\u00f3n\u201d<\/strong>: Las primeras expiran cuando el usuario cierra el navegador.<\/p><p><strong>\u201cCookies persistentes\u201d:<\/strong> Las segundas expiran en funci\u00f3n de cuando se cumpla el objetivo para el que sirven (por ejemplo, para que el usuario se mantenga identificado en los Servicios) o bien cuando se borran manualmente. Adicionalmente, en funci\u00f3n de su Objetivo, las Cookies pueden clasificarse de la siguiente forma:<\/p><p>\u201c<strong>Cookies de rendimiento\u201d:<\/strong> Este tipo de Cookie recuerda sus preferencias para las herramientas que se encuentran en los servicios, por lo que no tiene que volver a configurar el servicio cada vez que usted visita. A modo de ejemplo, en esta tipolog\u00eda se incluyen:<\/p><p>Ajustes de volumen de reproductores de v\u00eddeo o sonido.<\/p><p>Las velocidades de transmisi\u00f3n de v\u00eddeo que sean compatibles con su navegador.<\/p><p><strong>\u201cCookies de geo-localizaci\u00f3n\u201d:<\/strong> Estas Cookies son utilizadas para averiguar en qu\u00e9 pa\u00eds se encuentra cuando se solicita un servicio. Esta Cookie es totalmente an\u00f3nima, y s\u00f3lo se utiliza para ayudar a orientar el contenido a su ubicaci\u00f3n.<\/p><p><strong>\u201cCookies de registro\u201d:<\/strong> Las Cookies de registro se generan una vez que el usuario se ha registrado o posteriormente ha abierto su sesi\u00f3n, y se utilizan para identificarle en los servicios con los siguientes objetivos:<\/p><p>Mantener al usuario identificado de forma que, si cierra un servicio, el navegador o el ordenador y en otro momento u otro d\u00eda vuelve a entrar en dicho servicio, seguir\u00e1 identificado, facilitando as\u00ed su navegaci\u00f3n sin tener que volver a identificarse. Esta funcionalidad se puede suprimir si el usuario pulsa la funcionalidad \u201ccerrar sesi\u00f3n\u201d, de forma que esta Cookie se elimina y la pr\u00f3xima vez que entre en el servicio el usuario tendr\u00e1 que iniciar sesi\u00f3n para estar identificado.<\/p><p>Comprobar si el usuario est\u00e1 autorizado para acceder a ciertos servicios, por ejemplo, para participar en un concurso.<\/p><p><strong>\u201cCookies anal\u00edticas\u201d:<\/strong> Cada vez que un Usuario visita un servicio, una herramienta de un proveedor externo genera una Cookie anal\u00edtica en el ordenador del usuario. Esta Cookie que s\u00f3lo se genera en la visita, servir\u00e1 en pr\u00f3ximas visitas a los Servicios de la Web para identificar de forma an\u00f3nima al visitante. Los objetivos principales que se persiguen son:<\/p><p>Permitir la identificaci\u00f3n an\u00f3nima de los usuarios navegantes a trav\u00e9s de la \u201cCookie\u201d (identifica navegadores y dispositivos, no personas) y por lo tanto la contabilizaci\u00f3n aproximada del n\u00famero de visitantes y su tendencia en el tiempo.<\/p><p>Identificar de forma an\u00f3nima los contenidos m\u00e1s visitados y por lo tanto m\u00e1s atractivos para los usuarios.<\/p><p>Saber si el usuario que est\u00e1 accediendo es nuevo o repite visita. Importante: Salvo que el usuario decida registrarse en un servicio de la Web, la \u201cCookie\u201d nunca ir\u00e1 asociada a ning\u00fan dato de car\u00e1cter personal que pueda identificarle. Dichas Cookies s\u00f3lo ser\u00e1n utilizadas con prop\u00f3sitos estad\u00edsticos que ayuden a la optimizaci\u00f3n de la experiencia de los Usuarios en el sitio.<\/p><p><strong>\u201cCookies de publicidad comportamental\u201d:<\/strong> Este tipo de \u201cCookies\u201d permite ampliar la informaci\u00f3n de los anuncios mostrados a cada usuario an\u00f3nimo en los Servicios de la Web. Entre otros, se almacena la duraci\u00f3n o frecuencia de visualizaci\u00f3n de posiciones publicitarias, la interacci\u00f3n con las mismas, o los patrones de navegaci\u00f3n y\/o compartimientos del usuario ya que ayudan a conformar un perfil de inter\u00e9s publicitario. De este modo, permiten ofrecer publicidad af\u00edn a los intereses del usuario.<\/p><p>\u00a0<\/p><p><strong>\u00bfQu\u00e9 cookies utilizamos?<\/strong><\/p><p>El sitio web utiliza cookies propias y de terceros para personalizar su experiencia de navegaci\u00f3n y mejorar nuestros servicios, recabando informaci\u00f3n acerca del uso de dicho sitio web. Conforme a la ley vigente y presente en la Pol\u00edtica de Cookies se hace p\u00fablico la relaci\u00f3n y descripci\u00f3n de las Cookie utilizadas.<\/p><p>\u00bfC\u00f3mo borrar las Cookies despu\u00e9s de navegar por nuestras plataformas?<\/p><p>\u00a0<\/p><p>Si lo deseas, puedes deshabilitar nuestras propias cookies. Sin embargo, si lo haces, es posible que algunas funcionalidades no se ejecuten correctamente o que la navegaci\u00f3n resulte m\u00e1s dif\u00edcil. Por ello, te recomendamos que las mantengas activadas y, s\u00f3lo si lo deseas, que las borres al salir de la Plataforma.<\/p><p>\u00a0<\/p><p>Si utilizas Google Chrome, accede a la opci\u00f3n \u201cBorrar datos de navegaci\u00f3n\u201d a trav\u00e9s del men\u00fa \u201cHistorial\u201d. Aparecer\u00e1 un men\u00fa emergente en el que podr\u00e1s decidir qu\u00e9 informaci\u00f3n quiere borrar, incluidas las cookies.<\/p><p>\u00a0<\/p><p>Si utilizas Firefox, accede a la opci\u00f3n \u201cLimpiar el historial\u201d a trav\u00e9s del men\u00fa \u201cHistorial\u201d. Aparecer\u00e1 un men\u00fa emergente en el que podr\u00e1s decidir qu\u00e9 informaci\u00f3n quieres borrar, incluidas las cookies.<\/p><p>\u00a0<\/p><p>Si utilizas Internet Explorer, accede a la opci\u00f3n \u201cEliminar el historial de exploraci\u00f3n\u201d a trav\u00e9s del men\u00fa \u201cHerramientas\u201d. Aparecer\u00e1 un men\u00fa emergente en el que podr\u00e1s decidir qu\u00e9 informaci\u00f3n quieres borrar, incluidas las cookies.<\/p><p>\u00a0<\/p><p>Si utilizas el navegador de Android Chrome, accede a la opci\u00f3n \u201cSeguridad y privacidad\u201d a trav\u00e9s del men\u00fa \u201cAjustes\u201d. Aparecer\u00e1 un men\u00fa emergente en el que podr\u00e1s decidir qu\u00e9 informaci\u00f3n quieres borrar, incluidas las cookies.<\/p><p>\u00a0<\/p><p>Como puedes observar, la forma de actuar es muy parecida en todos los navegadores as\u00ed EM505 914, Portugal que si usas un navegador distinto de los mencionados, no te resultar\u00e1 dif\u00edcil encontrar la funcionalidad de borrar datos de cookies. Tambi\u00e9n puedes configurar tu sistema para que borre todas las cookies autom\u00e1ticamente al finalizar la sesi\u00f3n de navegaci\u00f3n.<\/p><p>\u00a0<\/p><p><strong>\u00bfC\u00f3mo deshabilitar las Cookies?<\/strong> El modo en que el usuario puede deshabilitar cookies depender\u00e1 del navegador o navegadores que utilice. Todos los navegadores permiten cambiar la configuraci\u00f3n relacionada con las cookies. A continuaci\u00f3n indicamos los pasos a dar para llegar a dicha configuraci\u00f3n en los principales navegadores utilizados en la actualidad:<\/p><p><strong>Firefox:<\/strong> http:\/\/support.mozilla.org\/es\/kb\/habilitar-y-deshabilitar-cookies-que-los-sitios-we<\/p><p><strong>Internet Explorer:<\/strong> http:\/\/windows.microsoft.com\/es-es\/windows-vista\/Block-or-allow-cookies<\/p><p><strong>Chrome:<\/strong> https:\/\/support.google.com\/chrome\/answer\/95647?hl=es<\/p><p><strong>Safari:<\/strong> http:\/\/support.apple.com\/kb\/HT1677?viewlocale=es_ES<\/p><p>En caso de que el usuario impida la activaci\u00f3n de las cookies o desactive en caso de haberlas autorizado previamente, podr\u00e1 afectar al funcionamiento de algunas funcionalidades del sitio web.<\/p><p>Del mismo modo, tampoco podremos obtener informaci\u00f3n sobre navegaci\u00f3n de los usuarios por nuestro sitio web, lo cual impedir\u00e1 o dificultar\u00e1 la mejora de la informaci\u00f3n y contenidos que publicamos as\u00ed como su presentaci\u00f3n.<\/p><p>Adem\u00e1s, con tu navegador puedes iniciar una navegaci\u00f3n privada de forma que tu sistema no almacene informaci\u00f3n no deseada en tu disco duro. Incluso puedes ver todas las cookies que tu navegador almacena en su disco duro y, si lo deseas, borrarlas una a una. Por ejemplo, si tu sistema operativo es Windows 7 y utiliza la versi\u00f3n 10 del navegador Internet Explorer, las cookies que este navegador almacena en su disco duro, se suelen ubicar en la siguiente ruta:<\/p><p>C:\\Users\\[NombreUsuario]\\AppData\\Local\\Microsoft\\Windows\\Temporary Internet Files\\.<\/p><p>Por \u00faltimo, debes saber que la mayor\u00eda de los exploradores informan de c\u00f3mo evitar la aceptaci\u00f3n de nuevas cookies, de c\u00f3mo hacer que se te notifique la recepci\u00f3n de una nueva cookie o de c\u00f3mo desactivar las cookies por completo. Si quieres saber m\u00e1s sobre el funcionamiento de las cookies, te recomendamos que consultes la &#8222;ayuda&#8220; que se muestra en las barras de herramientas de sus navegadores (por ejemplo, si presiona F1 en equipos Windows tambi\u00e9n acceder\u00e1 a la ayuda).<\/p><p>Si desea m\u00e1s informaci\u00f3n acerca de las cookies, puede ver la \u201cGu\u00eda sobre el uso de las cookies\u201d elaborada por la Agencia Espa\u00f1ola de Protecci\u00f3n de Datos. https:\/\/www.aepd.es\/es\/prensa-y-comunicacion\/notas-de-prensa\/aepd-actualiza-guia-cookies<\/p><p>\u00bfSe pueden producir modificaciones de la Pol\u00edtica de Cookies? La Web puede modificar esta Pol\u00edtica de Cookies en funci\u00f3n de las exigencias legislativas, reglamentarias, o con la finalidad de adaptar dicha pol\u00edtica a las instrucciones dictadas por la Agencia Espa\u00f1ola de Protecci\u00f3n de Datos, por ello se aconseja a los usuarios que la visiten peri\u00f3dicamente. Cuando se produzcan cambios significativos en esta Pol\u00edtica de Cookies, se comunicar\u00e1n a los usuarios bien mediante la web o a trav\u00e9s de correo electr\u00f3nico a los usuarios registrados. Es posible que la estructura y funcionalidades del presente sitio web se modifique para a\u00f1adir nuevos apartados, servicios o contenidos, lo cual puede suponer que se modifique el uso y, por tanto, nuestra sobre cookies. Por eso recomendamos a los usuarios que cada vez que accedan a nuestro sitio web revisen las pol\u00edticas de cookies publicadas por si se hubiera producido alg\u00fan cambio desde su \u00faltima visita.<\/p><p>Mostrar menos<\/p><p>Necesarias <strong>Siempres activo<\/strong><\/p><p>Se requieren cookies necesarias para habilitar las funciones b\u00e1sicas de este sitio, como proporcionar un inicio de sesi\u00f3n seguro o ajustar sus preferencias de consentimiento. Estas cookies no almacenan ning\u00fan dato de identificaci\u00f3n personal.<\/p><p>Funcional<\/p><p>Las cookies funcionales ayudan a realizar ciertas funciones, como compartir el contenido del sitio web en plataformas de redes sociales, recopilar comentarios y otras funciones de terceros.<\/p><p>Anal\u00edticas<\/p><p>Las cookies anal\u00edticas se utilizan para comprender c\u00f3mo interact\u00faan los visitantes con el sitio web. Estas cookies ayudan a proporcionar informaci\u00f3n sobre m\u00e9tricas como el n\u00famero de visitantes, la tasa de rebote, la fuente de tr\u00e1fico, etc.<\/p><p>Rendimiento<\/p><p>Las cookies de rendimiento se utilizan para comprender y analizar los \u00edndices clave de rendimiento del sitio web, lo que ayuda a brindar una mejor experiencia de usuario a los visitantes.<\/p><p>Publicidad<\/p><p>Las cookies publicitarias se utilizan para proporcionar a los visitantes anuncios personalizados basados en las p\u00e1ginas que visit\u00f3 anteriormente y para analizar la efectividad de las campa\u00f1as publicitarias.<\/p>\t\t\t\t\t\t\t\t<\/div>\n\t\t\t\t<\/div>\n\t\t\t\t<div class=\"elementor-element elementor-element-7eb3325b elementor-widget elementor-widget-spacer\" data-id=\"7eb3325b\" data-element_type=\"widget\" data-e-type=\"widget\" data-widget_type=\"spacer.default\">\n\t\t\t\t<div class=\"elementor-widget-container\">\n\t\t\t\t\t\t\t<div class=\"elementor-spacer\">\n\t\t\t<div class=\"elementor-spacer-inner\"><\/div>\n\t\t<\/div>\n\t\t\t\t\t\t<\/div>\n\t\t\t\t<\/div>\n\t\t\t\t\t<\/div>\n\t\t<\/div>\n\t\t\t\t\t<\/div>\n\t\t<\/section>\n\t\t\t\t<\/div>\n\t\t","protected":false},"excerpt":{"rendered":"<p>POL\u00cdTICA DE COOKIES \u00a0 \u00bfQu\u00e9 son las cookies? \u00a0 La web de www.fincassavinao.com utiliza Cookies. Las Cookies son ficheros enviados a un navegador por medio de un servidor web para registrar las actividades del Usuario en una web determinada. La primera finalidad de las Cookies es la de facilitar al usuario un acceso m\u00e1s r\u00e1pido [&hellip;]<\/p>\n","protected":false},"author":1,"featured_media":0,"parent":0,"menu_order":0,"comment_status":"closed","ping_status":"closed","template":"","meta":{"footnotes":""},"class_list":["post-15832","page","type-page","status-publish","hentry"],"_links":{"self":[{"href":"https:\/\/fincassavinao.com\/de\/wp-json\/wp\/v2\/pages\/15832","targetHints":{"allow":["GET"]}}],"collection":[{"href":"https:\/\/fincassavinao.com\/de\/wp-json\/wp\/v2\/pages"}],"about":[{"href":"https:\/\/fincassavinao.com\/de\/wp-json\/wp\/v2\/types\/page"}],"author":[{"embeddable":true,"href":"https:\/\/fincassavinao.com\/de\/wp-json\/wp\/v2\/users\/1"}],"replies":[{"embeddable":true,"href":"https:\/\/fincassavinao.com\/de\/wp-json\/wp\/v2\/comments?post=15832"}],"version-history":[{"count":8,"href":"https:\/\/fincassavinao.com\/de\/wp-json\/wp\/v2\/pages\/15832\/revisions"}],"predecessor-version":[{"id":15840,"href":"https:\/\/fincassavinao.com\/de\/wp-json\/wp\/v2\/pages\/15832\/revisions\/15840"}],"wp:attachment":[{"href":"https:\/\/fincassavinao.com\/de\/wp-json\/wp\/v2\/media?parent=15832"}],"curies":[{"name":"wp","href":"https:\/\/api.w.org\/{rel}","templated":true}]}}